{"id":197,"date":"2023-01-20T15:29:20","date_gmt":"2023-01-20T14:29:20","guid":{"rendered":"https:\/\/patanegra-leipzig.de\/?page_id=197"},"modified":"2024-06-11T16:44:39","modified_gmt":"2024-06-11T14:44:39","slug":"impressum","status":"publish","type":"page","link":"https:\/\/www.cafe-madrid.de\/index.php\/impressum\/","title":{"rendered":"Impressum"},"content":{"rendered":"\n<h2 class=\"c-headline has-text-align-center alignnone\"><span class=\"c-headline__secondary\">das Kleingedruckte<\/span> <span class=\"c-headline__primary\">Impressum<\/span><\/h2>\n\n\n\n<p class=\"has-text-align-center has-normal-font-size wp-block-paragraph\">Restaurant Cafe Madrid<br>KS Gastro GmbH &amp; Co.KG<br>Klostergasse 3-5<br>04109 Leipzig<\/p>\n\n\n\n<p class=\"has-normal-font-size wp-block-paragraph\">eingetragen ins Handelregister am Registergericht Leipzig unter der Registernummer HRA 19422<\/p>\n\n\n\n<p class=\"has-normal-font-size wp-block-paragraph\">vertreten durch: Karsten Schmidt (GF), Jacqueline Schmidt (GF)<\/p>\n\n\n\n<p class=\"has-normal-font-size wp-block-paragraph\">pers\u00f6nlich haftende Gesellschafterin: KS Gastro Verwaltung GmbH<\/p>\n\n\n\n<p class=\"has-normal-font-size wp-block-paragraph\"><a href=\"mailto:info@cafe-madrid.de\"><strong>info@cafe-madrid.de<\/strong><\/a> bitte nicht f\u00fcr Reservierungsanfragen benutzen!<\/p>\n\n\n\n<p class=\"has-text-align-center has-normal-font-size wp-block-paragraph\">Steuernr: 231\/157\/06500<\/p>\n\n\n\n<h4 class=\"wp-block-heading has-text-align-center has-normal-font-size\">VERANTWORTLICHER \/ VERANTWORTLICHE F\u00dcR JOURNALISTISCH-REDAKTIONELLE TEXTE:<\/h4>\n\n\n\n<p class=\"has-text-align-center has-normal-font-size wp-block-paragraph\">Karsten Schmidt<\/p>\n\n\n\n<h2 class=\"c-headline has-text-align-center alignnone\"><span class=\"c-headline__secondary\"><\/span> <span class=\"c-headline__primary\">AGB<\/span><\/h2>\n\n\n\n<h3 class=\"wp-block-heading alignfull has-text-align-center has-normal-font-size\">RESTAURANT CAFE MADRID<\/h3>\n\n\n\n<div class=\"wp-block-columns alignwide is-layout-flex wp-container-core-columns-is-layout-8f761849 wp-block-columns-is-layout-flex\" style=\"--nb-emphasis-top-spacing:0;--nb-emphasis-bottom-spacing:0;--nb-block-top-spacing:1;--nb-block-bottom-spacing:0;--nb-block-zindex:0;--nb-card-content-area-width:50%;--nb-card-media-container-height:50px;--nb-card-content-padding-multiplier:0;--nb-card-media-padding-top:100%;--nb-card-media-object-fit:cover;--nb-card-media-padding-multiplier:0;--nb-card-layout-gap-modifier:0;--nb-min-height-fallback:0;--nb-minimum-container-height:0vh;--nb-spacing-modifier:1;--nb-spacing-multiplier-override:1\">\n<div class=\"wp-block-column is-layout-flow wp-block-column-is-layout-flow\" style=\"flex-basis:100%\">\n<p class=\"has-normal-font-size wp-block-paragraph\">Allgemeine Gesch\u00e4ftsbedingungen, Stand Oktober 2019<\/p>\n\n\n\n<p class=\"has-normal-font-size wp-block-paragraph\">1. ABSCHLUSS DES VERTRAGES<\/p>\n\n\n\n<p class=\"has-normal-font-size wp-block-paragraph\">Ein Vertrag gilt als abgeschlossen, wenn eine schriftliche Reservierungsbest\u00e4tigung seitens des Restaurants Cafe Madrid vorliegt und diese vom Vertragspartner unterzeichnet ist. Auftragsnehmer ist das Restaurant Cafe Madrid. Die Reservierung von R\u00e4umen oder Fl\u00e4chen begr\u00fcndet ein Mietverh\u00e4ltnis. Eine Unter- oder Weitervermietung dieser bedarf der schriftlichen Genehmigung vom Restaurant Cafe Madrid.<\/p>\n\n\n\n<p class=\"has-normal-font-size wp-block-paragraph\">2. LEISTUNGEN; PREISE<\/p>\n\n\n\n<p class=\"has-normal-font-size wp-block-paragraph\">Alle angegebenen Preise f\u00fcr Leistungen im Restaurant Cafe Madrid sind Inklusivpreise. Sie enthalten die gesetzliche Mehrwertsteuer und das Bedienungsgeld. \u00c4ndert sich nach Vertragsabschluss der Satz der gesetzlichen Mehrwertsteuer, so \u00e4ndert sich der vereinbarte Preis entsprechend. Die Bereitstellungskosten f\u00fcr die R\u00e4ume bzw. Fl\u00e4chen gelten wie im jeweils abgeschlossenen Vertrag ausgewiesen.<\/p>\n\n\n\n<p class=\"has-normal-font-size wp-block-paragraph\">Die R\u00fcckverg\u00fctung bezahlter, aber nicht in Anspruch genommener Leistungen ist nicht m\u00f6glich. \u00dcberschreitet der Zeitraum zwischen Vertragsabschlu\u00df und Leistungserstellung 4 Monate, so beh\u00e4lt sich das Restaurant Cafe Madrid das Recht vor Preis\u00e4nderungen ohne vorherige Ank\u00fcndigung vorzunehmen.<\/p>\n\n\n\n<p class=\"has-normal-font-size wp-block-paragraph\">3. STORNIERUNGSFRISTEN \/ R\u00dcCKTRITT<\/p>\n\n\n\n<p class=\"has-normal-font-size wp-block-paragraph\">Wir ben\u00f6tigen sp\u00e4testens 2 Tage vor der Veranstaltung eine schriftliche Mitteilung \u00fcber die genaue Teilnehmerzahl. Danach berechnen wir mit einem Kulanzabzug 80% des gebuchten Auftrags. In diesem Fall richtet sich die Verg\u00fctung f\u00fcr das Essen auch dann nach der Garantiezahl, wenn weniger Teilnehmer erschienen sind. Wenn die angegebene Teilnehmerzahl \u00fcberschritten wird, ist die tats\u00e4chliche Teilnehmerzahl f\u00fcr die Berechnung der Speisen und Getr\u00e4nke ma\u00dfgebend.<\/p>\n\n\n\n<p class=\"has-normal-font-size wp-block-paragraph\">Sollte der Veranstalter das Restaurant Cafe Madrid exclusiv gebucht haben, gilt eine Stornierungsfrist von 2 Wochen vor Veranstaltungsbeginn. Bei einer sp\u00e4teren Stornierung, ber\u00fccksichtigen wir einen Kulanzabzug und berechnen 80% des gebuchten Auftrags.<\/p>\n\n\n\n<p class=\"has-normal-font-size wp-block-paragraph\">Desweiteren gelten die Bedingungen, die im Bewirtungsvertrag festgehalten werden. Wurde im Bewirtungsvertrag ein Mindestumsatz vereinbart, und wird dieser Mindestumsatz nicht erzielt, dann wird die Differenz zu diesem als Raummiete berechnet.<\/p>\n\n\n\n<p class=\"has-normal-font-size wp-block-paragraph\">4. ZAHLUNGSBEDINGUNGEN<\/p>\n\n\n\n<p class=\"has-normal-font-size wp-block-paragraph\">Unsere Rechnungen sind sofort f\u00e4llig und ohne Abzug zahlbar. Der Auftragnehmer ist berechtigt 8%Verzugszinsen \u00fcber dem jeweiligen EZB-Satz zu berechnen. Der Auftraggeber haftet f\u00fcr die Bezahlung etwaiger von den Veranstaltungsteilnehmern zus\u00e4tzlich bestellter Speisen und Getr\u00e4nke, etc. F\u00fcr die Reservierung von R\u00e4umlichkeiten kann eine Vorauszahlung in H\u00f6he von 30%- 50 % des zu erwartenden Umsatzes verlangt werden.<\/p>\n\n\n\n<p class=\"has-normal-font-size wp-block-paragraph\">5. HAFTUNG<\/p>\n\n\n\n<p class=\"has-normal-font-size wp-block-paragraph\">Die Vertragspartner des Restaurant Cafe Madrid bzw. der Gast als solcher oder als Gastgeber haften dem Restaurant Cafe Madrid in vollem Umfang f\u00fcr durch Sie selbst, ihre G\u00e4ste oder vom<\/p>\n\n\n\n<p class=\"has-normal-font-size wp-block-paragraph\">Auftraggeber beauftragte Dritte verursachten Sch\u00e4den gesamtschuldnerisch. Es obliegt dem Veranstalter, hierf\u00fcr die entsprechenden Versicherungen abzuschlie\u00dfen. Das Restaurant Cafe Madrid kann den Nachweis solcher Versicherungen verlangen. Eine von der Vereinbarung abweichende Nutzung der dem Gast \u00fcberlassenen R\u00e4ume berechtigt das Restaurant Cafe Madrid zur fristlosen L\u00f6schung des Vertragsverh\u00e4ltnisses, ohne dass hierdurch der Anspruch auf das vereinbarte Entgelt gemindert wird.<\/p>\n\n\n\n<p class=\"has-normal-font-size wp-block-paragraph\">Soweit das Restaurant Cafe Madrid f\u00fcr den Veranstalter Fremdleistungen, technische oder sonstige Einrichtungen von Dritten beschafft, handelt er im Namen und f\u00fcr Rechnung des Veranstalters; der Veranstalter haftet f\u00fcr die pflegliche Behandlung und ordnungsgem\u00e4\u00dfe R\u00fcckgabe dieser Einrichtungen und stellt das Restaurant Cafe Madrid von allen Anspr\u00fcchen Dritter aus der \u00dcberlassung dieser Einrichtungen frei.<\/p>\n\n\n\n<p class=\"has-normal-font-size wp-block-paragraph\">Anlieferung, Aufstellung, Abbau und Abtransport von Ausstellungs- und sonstigen Gegenst\u00e4nden erfolgen durch den Auftraggeber auf dessen alleiniges Risiko. Einzelheiten sind eine Woche vor Veranstaltungsbeginn mit dem Restaurant Cafe Madrid abzustimmen. Auf Anfrage wird Hilfspersonal f\u00fcr Transport und Aufstellung im Rahmen des M\u00f6glichen gegen besondere Verg\u00fctung gestellt. Das Restaurant Cafe Madrid haftet nicht f\u00fcr Sch\u00e4den oder Verlust eingebrachter Gegenst\u00e4nde.<\/p>\n\n\n\n<p class=\"has-normal-font-size wp-block-paragraph\">Das Restaurant Cafe Madrid haftet f\u00fcr abhanden gekommene oder besch\u00e4digte Ausstellungsst\u00fccke des Bestellers nur dann, wenn seine gesetzlichen Vertreter oder Erf\u00fcllungshilfen vors\u00e4tzlich oder grob fahrl\u00e4ssig gehandelt haben.<\/p>\n\n\n\n<p class=\"has-normal-font-size wp-block-paragraph\">F\u00fcr Besch\u00e4digungen und\/oder Verlust an Einrichtungen und\/oder Inventar vom Restaurant Cafe Madrid im Zusammenhang mit der Veranstaltung haften Besteller und Veranstalter unabh\u00e4ngig vom Verschulden.<\/p>\n\n\n\n<p class=\"has-normal-font-size wp-block-paragraph\">6. BESONDERE HINWEISE<\/p>\n\n\n\n<p class=\"has-normal-font-size wp-block-paragraph\">Das Mitbringen von Speisen und Getr\u00e4nken bedarf der vorherigen Genehmigung der Gesch\u00e4ftsleitung. In diesen F\u00e4llen wird eine Servicegeb\u00fchr bzw. ein Korkgeld von mindestens 15,00 \u20ac inkl. Mwst. erhoben.<\/p>\n\n\n\n<p class=\"has-normal-font-size wp-block-paragraph\">Dekorationsmaterial muss den feuerpolizeilichen Anforderungen entsprechen und darf im \u00fcbrigen \u2013ebenso wie sonstige Gegenst\u00e4nde- nur mit Zustimmung vom Restaurant Cafe Madrid angebracht werden. Das Anbringen von Dekorationsmaterial an den W\u00e4nden unter Verwendung von Klebstoffen, Klebestreifen, M\u00f6belheftern, N\u00e4geln und Schrauben ist untersagt. Evtl. Sch\u00e4den werden dem Veranstalter in Rechnung gestellt. Am Ende der Veranstaltung sind eingebrachte Gegenst\u00e4nde aus dem Restaurant zu entfernen. Es erfolgt eine Lagerung nur, wenn das Restaurant Cafe Madrid dem zustimmt und jeweils gegen gesonderte Verg\u00fctung; die Auswahl des Lagerorts bestimmt das Restaurant Cafe Madrid. Bei Lagerung im Konferenz- oder Ausstellungsraum bemisst sich die Lagergeb\u00fchr mindestens nach der vereinbarten Raummiete.<\/p>\n\n\n\n<p class=\"has-normal-font-size wp-block-paragraph\">Sollten St\u00f6rungen oder Defekte an den vom Restaurant Cafe Madrid zur Verf\u00fcgung gestellten technischen oder sonstigen Einrichtungen auftreten, so wird das Restaurant, soweit m\u00f6glich, sofort f\u00fcr Abhilfe sorgen. Dem Besteller obliegt der Nachweis, dass ihm durch derartige St\u00f6rungen oder Defekte ein Schaden entstanden ist. F\u00fcr etwaige Sch\u00e4den des Bestellers haftet das Restaurant Cafe Madrid nur dann, wenn diese auf einem vors\u00e4tzlichen oder grob fahrl\u00e4ssigen Verhalten eines gesetzlichen Vertreters oder Erf\u00fcllungsgehilfen beruhen.<\/p>\n\n\n\n<p class=\"has-normal-font-size wp-block-paragraph\">Die Verwendung des Namens oder\/ und der Marke \u201eRestaurant Cafe Madrid\u201c f\u00fcr jegliche Zwecke bedarf der schriftlichen Genehmigung des Auftragnehmers. S\u00e4mtliche Ton- und Bildrechte f\u00fcr Aufnahmen im Restaurant Cafe Madrid gehen ohne besondere Vereinbarung ausdr\u00fccklich auf das Restaurant Cafe Madrid \u00fcber. Insbesondere Zeitungsanzeigen, die Einladungen zu Vorstellungsgespr\u00e4chen bzw. Verkaufsveranstaltungen enthalten, bed\u00fcrfen grunds\u00e4tzlich vorheriger, schriftlicher Zustimmung vom Restaurant Cafe Madrid. Erfolgt eine Ver\u00f6ffentlichung ohne Zustimmung des Restaurants und werden dadurch wesentliche Interessen vom Restaurant Cafe Madrid beeintr\u00e4chtigt, so hat das Restaurant das Recht, die Veranstaltung abzusagen; in diesem Fall gilt Ziffer 4 (Zahlung der Miete und einer Verg\u00fctung).Dar\u00fcber hinaus hat der Auftragnehmer das Recht Lizenz- und Nutzungsgeb\u00fchren zu erheben. Hat das Restaurant Cafe Madrid begr\u00fcndeten Anlass zu der Annahme, dass die Veranstaltung den reibungslosen Gesch\u00e4ftsbetrieb, die Sicherheit oder den Ruf des Hauses bzw. der G\u00e4ste zu gef\u00e4hrden droht sowie im Falle h\u00f6herer Gewalt oder innerer Unruhe, kann er die Veranstaltung absagen. Die Kosten von Sicherungsma\u00dfnahmen, die durch eine Veranstaltung notwendig geworden sind, k\u00f6nnen dem Auftraggeber der Veranstaltung belastet werden. Das Restaurant Cafe Madrid braucht gegen\u00fcber dem Auftraggeber die Notwendigkeit der Sicherungsma\u00dfnahmen nicht zu rechtfertigen. Es gen\u00fcgt der begr\u00fcndete Anlass zur Sicherungsma\u00dfnahme.<\/p>\n\n\n\n<p class=\"has-normal-font-size wp-block-paragraph\">7. Verbraucherstreitbeilegungsgesetz \/ ODR-Verordnung<\/p>\n\n\n\n<p class=\"has-normal-font-size wp-block-paragraph\">Der Unternehmer (Cafe Madrid) verpflichtet sich nicht, an Streitbeilegungsverfahren vor einer Verbraucherschlichtungsstelle teilzunehmen.<\/p>\n\n\n\n<p class=\"has-normal-font-size wp-block-paragraph\"><a href=\"https:\/\/ec.europa.eu\/consumers\/odr\">https:\/\/ec.europa.eu\/consumers\/odr<\/a><\/p>\n\n\n\n<p class=\"has-normal-font-size wp-block-paragraph\">8. ALLGEMEINES<\/p>\n\n\n\n<p class=\"has-normal-font-size wp-block-paragraph\">Alle \u00c4nderungen bed\u00fcrfen der Schriftform. F\u00fcr alle Verpflichtungen aus diesem Vertrag haften Besteller und Veranstalter gesamtschuldnerisch. Sollten einzelne Bestimmungen des Vertrages (einschlie\u00dflich dieser vorliegenden Gesch\u00e4ftsbedingungen) unwirksam sein, ber\u00fchrt dies die Wirksamkeit der \u00fcbrigen Bestimmungen nicht. Die Parteien werden unwirksame Bestimmungen durch solche wirksamen Bestimmungen ersetzen, die sie in Kenntnis der Unwirksamkeit der wegfallenden Bestimmungen statt dieser getroffen h\u00e4tten.<\/p>\n\n\n\n<p class=\"has-normal-font-size wp-block-paragraph\">Der Vertrag unterliegt dem Recht der Bundesrepublik Deutschland. Erf\u00fcllungsort und ausschlie\u00dflicher Gerichtsstand f\u00fcr alle Streitigkeiten aus der Gesch\u00e4ftsverbindung ist Leipzig.<\/p>\n<\/div>\n<\/div>\n","protected":false},"excerpt":{"rendered":"<p>Restaurant Cafe MadridKS Gastro GmbH &amp; Co.KGKlostergasse 3-504109 Leipzig eingetragen ins Handelregister am Registergericht Leipzig unter der Registernummer HRA 19422 vertreten durch: Karsten Schmidt (GF), [&hellip;]<\/p>\n","protected":false},"author":1,"featured_media":0,"parent":0,"menu_order":0,"comment_status":"closed","ping_status":"closed","template":"","meta":{"_crdt_document":"","novablocks_hero_scroll_indicator":false,"novablocks_hero_position_indicators":false,"supernova_prevent_duplicate":false,"_project_color":"","_project_color_auto":"","footnotes":""},"class_list":["post-197","page","type-page","status-publish","hentry"],"_links":{"self":[{"href":"https:\/\/www.cafe-madrid.de\/index.php\/wp-json\/wp\/v2\/pages\/197","targetHints":{"allow":["GET"]}}],"collection":[{"href":"https:\/\/www.cafe-madrid.de\/index.php\/wp-json\/wp\/v2\/pages"}],"about":[{"href":"https:\/\/www.cafe-madrid.de\/index.php\/wp-json\/wp\/v2\/types\/page"}],"author":[{"embeddable":true,"href":"https:\/\/www.cafe-madrid.de\/index.php\/wp-json\/wp\/v2\/users\/1"}],"replies":[{"embeddable":true,"href":"https:\/\/www.cafe-madrid.de\/index.php\/wp-json\/wp\/v2\/comments?post=197"}],"version-history":[{"count":3,"href":"https:\/\/www.cafe-madrid.de\/index.php\/wp-json\/wp\/v2\/pages\/197\/revisions"}],"predecessor-version":[{"id":296,"href":"https:\/\/www.cafe-madrid.de\/index.php\/wp-json\/wp\/v2\/pages\/197\/revisions\/296"}],"wp:attachment":[{"href":"https:\/\/www.cafe-madrid.de\/index.php\/wp-json\/wp\/v2\/media?parent=197"}],"curies":[{"name":"wp","href":"https:\/\/api.w.org\/{rel}","templated":true}]}}